{"id":2798,"date":"2026-01-20T09:52:02","date_gmt":"2026-01-20T09:52:02","guid":{"rendered":"https:\/\/b2cauto.fr\/?post_type=product&#038;p=2798"},"modified":"2026-02-26T15:20:23","modified_gmt":"2026-02-26T15:20:23","slug":"volkswagen-transporter-t5-1-9l-tdi-2006","status":"publish","type":"product","link":"https:\/\/b2cauto.fr\/index.php\/produit\/volkswagen-transporter-t5-1-9l-tdi-2006\/","title":{"rendered":"Volkswagen Transporter T5 1.9L TDI 2006"},"content":{"rendered":"<p>Votre concessionnaire B2C Auto Transactions, pr\u00e9sent sur Castres, vous propose un Volkswagen Transporter T5 1.9 L TDI, 102 CH, avec une garantie de 12 mois.<\/p>\n<p><!--more--><\/p>\n<h3><u style=\"font-size: 16px;\"><strong>Equipements :<\/strong><\/u><\/h3>\n<div id=\"equip\">\n<div id=\"int\">\n<h4>Int\u00e9rieur<\/h4>\n<ul>\n<li>Sans climatisation<\/li>\n<li>Vitres \u00e9lectriques<\/li>\n<li>Prise 12V dans le compartiment de charge<\/li>\n<li>V\u00e9hicule non-fumeur<\/li>\n<li style=\"font-weight: 400;\" aria-level=\"1\"><\/li>\n<\/ul>\n<\/div>\n<div id=\"ext\">\n<h4>Ext\u00e9rieur<\/h4>\n<ul>\n<li><span style=\"font-weight: 400;\">Hayon arri\u00e8re vitr\u00e9<\/span><\/li>\n<li><span style=\"font-weight: 400;\">Porte lat\u00e9rales non-vitr\u00e9e<\/span><\/li>\n<li style=\"font-weight: 400;\" aria-level=\"1\"><span style=\"font-weight: 400;\">&#8230;\u00a0<\/span><\/li>\n<\/ul>\n<\/div>\n<\/div>\n<hr \/>\n<p><strong><u>Informations additionnelles<\/u><\/strong> :<\/p>\n<ul>\n<li>3 places<\/li>\n<li>Equipements de s\u00e9curit\u00e9 : airbags frontal et lat\u00e9ral, ABS,<\/li>\n<li>&#8230;<\/li>\n<\/ul>\n<hr \/>\n<p><strong>PRIX : 12 990\u20ac TTC, pas de frais de dossier<\/strong><\/p>\n<p>Nous restons \u00e0 votre disposition pour plus de renseignements, n\u2019h\u00e9sitez pas \u00e0 nous contacter pour un essai, nous sommes disponibles du lundi au samedi de 9h \u00e0 19h.<\/p>\n<p>Tous nos v\u00e9hicules sont contr\u00f4l\u00e9s, r\u00e9vis\u00e9s et garantis.<\/p>\n<p>B2C Auto propose la livraison de votre voiture \u00e0 l\u2019adresse de votre choix partout en France m\u00e9tropolitaine hors Corse. Devis sur demande.<\/p>\n","protected":false},"excerpt":{"rendered":"<ul>\n<li>Kilom\u00e9trage\u00a0:<strong> 114 000km<\/strong><\/li>\n<li><strong>102<\/strong>\u00a0CH<\/li>\n<li><strong>Diesel, 1.9L TDI<\/strong><\/li>\n<li>Mise en circulation 2006<\/li>\n<li><strong>Entretien \u00e0 jour et r\u00e9vision compl\u00e8te<\/strong> du v\u00e9hicule :\n<ul>\n<li>Kit Distribution neuf<\/li>\n<li>Plaquette AR neufs<\/li>\n<li>Vidange avec 4 filtres (Huile, carburant, air et charbon)<\/li>\n<li>&#8230;<\/li>\n<\/ul>\n<\/li>\n<\/ul>\n<hr \/>\n<p><strong><u>Garantie de 12 mois qui couvre notamment : <\/u><\/strong><\/p>\n<ul>\n<li>Moteur<\/li>\n<li>Bo\u00eete de vitesse et embrayage<\/li>\n<li>Pont et suspensions<\/li>\n<li>Freinage<\/li>\n<li>Circuit \u00e9lectrique et diagnostic<\/li>\n<li>Carter<\/li>\n<li>Refroidissement et alimentation<\/li>\n<li>\u2026<\/li>\n<\/ul>\n<p><!--more--><\/p>\n","protected":false},"featured_media":2804,"template":"","meta":[],"product_cat":[38,41],"product_tag":[],"yoast_head":"<!-- This site is optimized with the Yoast SEO plugin v20.7 - https:\/\/yoast.com\/wordpress\/plugins\/seo\/ -->\n<title>Volkswagen Transporter T5 1.9L TDI 2006 - B2C Auto Transactions - Castres<\/title>\n<meta name=\"robots\" content=\"index, follow, max-snippet:-1, max-image-preview:large, max-video-preview:-1\" \/>\n<link rel=\"canonical\" href=\"https:\/\/b2cauto.fr\/index.php\/produit\/volkswagen-transporter-t5-1-9l-tdi-2006\/\" \/>\n<meta property=\"og:locale\" content=\"fr_FR\" \/>\n<meta property=\"og:type\" content=\"article\" \/>\n<meta property=\"og:title\" content=\"Volkswagen Transporter T5 1.9L TDI 2006 - B2C Auto Transactions - Castres\" \/>\n<meta property=\"og:description\" content=\"Kilom\u00e9trage\u00a0: 114 000km  102\u00a0CH  Diesel, 1.9L TDI  Mise en circulation 2006  Entretien \u00e0 jour et r\u00e9vision compl\u00e8te du v\u00e9hicule :   Kit Distribution neuf  Plaquette AR neufs  Vidange avec 4 filtres (Huile, carburant, air et charbon)  ...       Garantie de 12 mois qui couvre notamment :    Moteur  Bo\u00eete de vitesse et embrayage  Pont et suspensions  Freinage  Circuit \u00e9lectrique et diagnostic  Carter  Refroidissement et alimentation  \u2026\" \/>\n<meta property=\"og:url\" content=\"https:\/\/b2cauto.fr\/index.php\/produit\/volkswagen-transporter-t5-1-9l-tdi-2006\/\" \/>\n<meta property=\"og:site_name\" content=\"B2C Auto Transactions - Castres\" \/>\n<meta property=\"article:modified_time\" content=\"2026-02-26T15:20:23+00:00\" \/>\n<meta property=\"og:image\" content=\"http:\/\/b2cauto.fr\/wp-content\/uploads\/2026\/01\/1-2.png\" \/>\n\t<meta property=\"og:image:width\" content=\"656\" \/>\n\t<meta property=\"og:image:height\" content=\"492\" \/>\n\t<meta property=\"og:image:type\" content=\"image\/png\" \/>\n<meta name=\"twitter:card\" content=\"summary_large_image\" \/>\n<meta name=\"twitter:label1\" content=\"Dur\u00e9e de lecture estim\u00e9e\" \/>\n\t<meta name=\"twitter:data1\" content=\"1 minute\" \/>\n<script type=\"application\/ld+json\" class=\"yoast-schema-graph\">{\"@context\":\"https:\/\/schema.org\",\"@graph\":[{\"@type\":\"WebPage\",\"@id\":\"https:\/\/b2cauto.fr\/index.php\/produit\/volkswagen-transporter-t5-1-9l-tdi-2006\/\",\"url\":\"https:\/\/b2cauto.fr\/index.php\/produit\/volkswagen-transporter-t5-1-9l-tdi-2006\/\",\"name\":\"Volkswagen Transporter T5 1.9L TDI 2006 - B2C Auto Transactions - Castres\",\"isPartOf\":{\"@id\":\"https:\/\/b2cauto.fr\/#website\"},\"datePublished\":\"2026-01-20T09:52:02+00:00\",\"dateModified\":\"2026-02-26T15:20:23+00:00\",\"breadcrumb\":{\"@id\":\"https:\/\/b2cauto.fr\/index.php\/produit\/volkswagen-transporter-t5-1-9l-tdi-2006\/#breadcrumb\"},\"inLanguage\":\"fr-FR\",\"potentialAction\":[{\"@type\":\"ReadAction\",\"target\":[\"https:\/\/b2cauto.fr\/index.php\/produit\/volkswagen-transporter-t5-1-9l-tdi-2006\/\"]}]},{\"@type\":\"BreadcrumbList\",\"@id\":\"https:\/\/b2cauto.fr\/index.php\/produit\/volkswagen-transporter-t5-1-9l-tdi-2006\/#breadcrumb\",\"itemListElement\":[{\"@type\":\"ListItem\",\"position\":1,\"name\":\"Accueil\",\"item\":\"https:\/\/b2cauto.fr\/\"},{\"@type\":\"ListItem\",\"position\":2,\"name\":\"V\u00e9hicules\",\"item\":\"https:\/\/b2cauto.fr\/index.php\/boutiquev2\/\"},{\"@type\":\"ListItem\",\"position\":3,\"name\":\"Volkswagen Transporter T5 1.9L TDI 2006\"}]},{\"@type\":\"WebSite\",\"@id\":\"https:\/\/b2cauto.fr\/#website\",\"url\":\"https:\/\/b2cauto.fr\/\",\"name\":\"B2C Auto Transactions - Castres\",\"description\":\"Votre concessionnaire \u00e0 Castres ! D\u00e9couvrez nos offres de v\u00e9hicules d\u2019occasions directement depuis notre site web.\",\"publisher\":{\"@id\":\"https:\/\/b2cauto.fr\/#organization\"},\"alternateName\":\"B2C Auto Transactions - Castres\",\"potentialAction\":[{\"@type\":\"SearchAction\",\"target\":{\"@type\":\"EntryPoint\",\"urlTemplate\":\"https:\/\/b2cauto.fr\/?s={search_term_string}\"},\"query-input\":\"required name=search_term_string\"}],\"inLanguage\":\"fr-FR\"},{\"@type\":\"Organization\",\"@id\":\"https:\/\/b2cauto.fr\/#organization\",\"name\":\"B2C Auto Transactions - Castres\",\"url\":\"https:\/\/b2cauto.fr\/\",\"logo\":{\"@type\":\"ImageObject\",\"inLanguage\":\"fr-FR\",\"@id\":\"https:\/\/b2cauto.fr\/#\/schema\/logo\/image\/\",\"url\":\"https:\/\/b2cauto.fr\/wp-content\/uploads\/2023\/01\/cropped-Logo-v1.png\",\"contentUrl\":\"https:\/\/b2cauto.fr\/wp-content\/uploads\/2023\/01\/cropped-Logo-v1.png\",\"width\":1266,\"height\":392,\"caption\":\"B2C Auto Transactions - Castres\"},\"image\":{\"@id\":\"https:\/\/b2cauto.fr\/#\/schema\/logo\/image\/\"}}]}<\/script>\n<!-- \/ Yoast SEO plugin. -->","yoast_head_json":{"title":"Volkswagen Transporter T5 1.9L TDI 2006 - B2C Auto Transactions - Castres","robots":{"index":"index","follow":"follow","max-snippet":"max-snippet:-1","max-image-preview":"max-image-preview:large","max-video-preview":"max-video-preview:-1"},"canonical":"https:\/\/b2cauto.fr\/index.php\/produit\/volkswagen-transporter-t5-1-9l-tdi-2006\/","og_locale":"fr_FR","og_type":"article","og_title":"Volkswagen Transporter T5 1.9L TDI 2006 - B2C Auto Transactions - Castres","og_description":"Kilom\u00e9trage\u00a0: 114 000km  102\u00a0CH  Diesel, 1.9L TDI  Mise en circulation 2006  Entretien \u00e0 jour et r\u00e9vision compl\u00e8te du v\u00e9hicule :   Kit Distribution neuf  Plaquette AR neufs  Vidange avec 4 filtres (Huile, carburant, air et charbon)  ...       Garantie de 12 mois qui couvre notamment :    Moteur  Bo\u00eete de vitesse et embrayage  Pont et suspensions  Freinage  Circuit \u00e9lectrique et diagnostic  Carter  Refroidissement et alimentation  \u2026","og_url":"https:\/\/b2cauto.fr\/index.php\/produit\/volkswagen-transporter-t5-1-9l-tdi-2006\/","og_site_name":"B2C Auto Transactions - Castres","article_modified_time":"2026-02-26T15:20:23+00:00","og_image":[{"width":656,"height":492,"url":"http:\/\/b2cauto.fr\/wp-content\/uploads\/2026\/01\/1-2.png","type":"image\/png"}],"twitter_card":"summary_large_image","twitter_misc":{"Dur\u00e9e de lecture estim\u00e9e":"1 minute"},"schema":{"@context":"https:\/\/schema.org","@graph":[{"@type":"WebPage","@id":"https:\/\/b2cauto.fr\/index.php\/produit\/volkswagen-transporter-t5-1-9l-tdi-2006\/","url":"https:\/\/b2cauto.fr\/index.php\/produit\/volkswagen-transporter-t5-1-9l-tdi-2006\/","name":"Volkswagen Transporter T5 1.9L TDI 2006 - B2C Auto Transactions - Castres","isPartOf":{"@id":"https:\/\/b2cauto.fr\/#website"},"datePublished":"2026-01-20T09:52:02+00:00","dateModified":"2026-02-26T15:20:23+00:00","breadcrumb":{"@id":"https:\/\/b2cauto.fr\/index.php\/produit\/volkswagen-transporter-t5-1-9l-tdi-2006\/#breadcrumb"},"inLanguage":"fr-FR","potentialAction":[{"@type":"ReadAction","target":["https:\/\/b2cauto.fr\/index.php\/produit\/volkswagen-transporter-t5-1-9l-tdi-2006\/"]}]},{"@type":"BreadcrumbList","@id":"https:\/\/b2cauto.fr\/index.php\/produit\/volkswagen-transporter-t5-1-9l-tdi-2006\/#breadcrumb","itemListElement":[{"@type":"ListItem","position":1,"name":"Accueil","item":"https:\/\/b2cauto.fr\/"},{"@type":"ListItem","position":2,"name":"V\u00e9hicules","item":"https:\/\/b2cauto.fr\/index.php\/boutiquev2\/"},{"@type":"ListItem","position":3,"name":"Volkswagen Transporter T5 1.9L TDI 2006"}]},{"@type":"WebSite","@id":"https:\/\/b2cauto.fr\/#website","url":"https:\/\/b2cauto.fr\/","name":"B2C Auto Transactions - Castres","description":"Votre concessionnaire \u00e0 Castres ! D\u00e9couvrez nos offres de v\u00e9hicules d\u2019occasions directement depuis notre site web.","publisher":{"@id":"https:\/\/b2cauto.fr\/#organization"},"alternateName":"B2C Auto Transactions - Castres","potentialAction":[{"@type":"SearchAction","target":{"@type":"EntryPoint","urlTemplate":"https:\/\/b2cauto.fr\/?s={search_term_string}"},"query-input":"required name=search_term_string"}],"inLanguage":"fr-FR"},{"@type":"Organization","@id":"https:\/\/b2cauto.fr\/#organization","name":"B2C Auto Transactions - Castres","url":"https:\/\/b2cauto.fr\/","logo":{"@type":"ImageObject","inLanguage":"fr-FR","@id":"https:\/\/b2cauto.fr\/#\/schema\/logo\/image\/","url":"https:\/\/b2cauto.fr\/wp-content\/uploads\/2023\/01\/cropped-Logo-v1.png","contentUrl":"https:\/\/b2cauto.fr\/wp-content\/uploads\/2023\/01\/cropped-Logo-v1.png","width":1266,"height":392,"caption":"B2C Auto Transactions - Castres"},"image":{"@id":"https:\/\/b2cauto.fr\/#\/schema\/logo\/image\/"}}]}},"_links":{"self":[{"href":"https:\/\/b2cauto.fr\/index.php\/wp-json\/wp\/v2\/product\/2798"}],"collection":[{"href":"https:\/\/b2cauto.fr\/index.php\/wp-json\/wp\/v2\/product"}],"about":[{"href":"https:\/\/b2cauto.fr\/index.php\/wp-json\/wp\/v2\/types\/product"}],"wp:featuredmedia":[{"embeddable":true,"href":"https:\/\/b2cauto.fr\/index.php\/wp-json\/wp\/v2\/media\/2804"}],"wp:attachment":[{"href":"https:\/\/b2cauto.fr\/index.php\/wp-json\/wp\/v2\/media?parent=2798"}],"wp:term":[{"taxonomy":"product_cat","embeddable":true,"href":"https:\/\/b2cauto.fr\/index.php\/wp-json\/wp\/v2\/product_cat?post=2798"},{"taxonomy":"product_tag","embeddable":true,"href":"https:\/\/b2cauto.fr\/index.php\/wp-json\/wp\/v2\/product_tag?post=2798"}],"curies":[{"name":"wp","href":"https:\/\/api.w.org\/{rel}","templated":true}]}}