{"id":2633,"date":"2025-12-23T08:38:27","date_gmt":"2025-12-23T08:38:27","guid":{"rendered":"https:\/\/b2cauto.fr\/?post_type=product&#038;p=2633"},"modified":"2026-03-31T21:43:30","modified_gmt":"2026-03-31T21:43:30","slug":"volkswagen-combi-t5-8-places-2l-tdi-102ch-2013-l2h1","status":"publish","type":"product","link":"https:\/\/b2cauto.fr\/index.php\/produit\/volkswagen-combi-t5-8-places-2l-tdi-102ch-2013-l2h1\/","title":{"rendered":"Volkswagen Combi T5, 8 Places, 2L TDI 102ch 2013 L2H1"},"content":{"rendered":"<p>Votre concessionnaire B2C Auto Transactions, \u00e0 Castres, vous propose un Volkswagen Combi T5 2.0 L TDI, 102 CH, L2H1 avec une garantie de 12 mois.<\/p>\n<p><!--more--><\/p>\n<h3><u style=\"font-size: 16px;\"><strong>Equipements :<\/strong><\/u><\/h3>\n<div id=\"equip\">\n<div id=\"int\">\n<h4>Int\u00e9rieur<\/h4>\n<ul>\n<li>Pas de climatisation<\/li>\n<li>Vitres \u00e9lectriques<\/li>\n<li>Poste radio\/CD<\/li>\n<li>Prise 12V dans le compartiment de charge<\/li>\n<li>V\u00e9hicule non-fumeur<\/li>\n<li style=\"font-weight: 400;\" aria-level=\"1\"><span style=\"font-weight: 400;\">Ordinateur de bord<\/span><\/li>\n<li style=\"font-weight: 400;\" aria-level=\"1\"><span style=\"font-weight: 400;\">Portes arri\u00e8res vitr\u00e9s<\/span><\/li>\n<li aria-level=\"1\">V\u00e9hicule non-fumeur<\/li>\n<\/ul>\n<\/div>\n<div id=\"ext\">\n<h4>Ext\u00e9rieur<\/h4>\n<ul>\n<li>R\u00e9troviseurs \u00e9lectriques<\/li>\n<li><span style=\"font-weight: 400;\">Porte lat\u00e9rale coulissante<\/span><\/li>\n<li>Double porte <span style=\"font-weight: 400;\">arri\u00e8res <\/span><\/li>\n<\/ul>\n<\/div>\n<\/div>\n<hr \/>\n<p><strong><u>Informations additionnelles<\/u><\/strong> :<\/p>\n<ul>\n<li>8 places<\/li>\n<li>Equipements de s\u00e9curit\u00e9 : airbags frontal et lat\u00e9ral, ABS, ESP<\/li>\n<li>Verrouillage centralis\u00e9 des portes<\/li>\n<\/ul>\n<hr \/>\n<p><strong>PRIX : 15 990 \u20ac TTC, pas de frais de dossier<\/strong><\/p>\n<p>Nous restons \u00e0 votre disposition pour plus de renseignements, n\u2019h\u00e9sitez pas \u00e0 nous contacter pour un essai, nous sommes disponibles du lundi au samedi de 9h \u00e0 19h.<\/p>\n<p>Tous nos v\u00e9hicules sont contr\u00f4l\u00e9s, r\u00e9vis\u00e9s et garantis.<\/p>\n<p>B2C Auto propose la livraison de votre voiture \u00e0 l\u2019adresse de votre choix partout en France m\u00e9tropolitaine hors Corse. Devis sur demande.<\/p>\n","protected":false},"excerpt":{"rendered":"<ul>\n<li>Kilom\u00e9trage\u00a0:<strong> 130 000km<\/strong><\/li>\n<li><strong>102<\/strong> CH<\/li>\n<li><strong>Diesel<\/strong><\/li>\n<li>Mise en circulation le 13\/02\/2013<\/li>\n<li><strong>Entretien \u00e0 jour et r\u00e9vision compl\u00e8te<\/strong> du v\u00e9hicule\u00a0 :\n<ul>\n<li style=\"font-weight: 400;\" aria-level=\"2\"><span style=\"font-weight: 400;\">kit distribution neuf<\/span><\/li>\n<li style=\"font-weight: 400;\" aria-level=\"2\"><span style=\"font-weight: 400;\">Plaquettes avant et arri\u00e8re neuves<\/span><\/li>\n<li style=\"font-weight: 400;\" aria-level=\"2\"><span style=\"font-weight: 400;\">S<\/span>ilentbloc de triangle neufs<\/li>\n<li style=\"font-weight: 400;\" aria-level=\"2\"><span style=\"font-weight: 400;\">Vidange <\/span>avec 4 filtres<\/li>\n<\/ul>\n<\/li>\n<li>CT OK<\/li>\n<\/ul>\n<hr \/>\n<p><strong><u>Garantie de 12 mois qui couvre notamment : <\/u><\/strong><\/p>\n<ul>\n<li>Moteur<\/li>\n<li>Bo\u00eete de vitesse et embrayage<\/li>\n<li>Pont et suspensions<\/li>\n<li>Freinage<\/li>\n<li>Circuit \u00e9lectrique et diagnostic<\/li>\n<li>Carter<\/li>\n<li>Refroidissement et alimentation<\/li>\n<li>\u2026<\/li>\n<\/ul>\n<p><!--more--><\/p>\n","protected":false},"featured_media":2651,"template":"","meta":[],"product_cat":[45,41],"product_tag":[],"yoast_head":"<!-- This site is optimized with the Yoast SEO plugin v20.7 - https:\/\/yoast.com\/wordpress\/plugins\/seo\/ -->\n<title>Volkswagen Combi T5, 8 Places, 2L TDI 102ch 2013 L2H1 - B2C Auto Transactions - Castres<\/title>\n<meta name=\"robots\" content=\"index, follow, max-snippet:-1, max-image-preview:large, max-video-preview:-1\" \/>\n<link rel=\"canonical\" href=\"https:\/\/b2cauto.fr\/index.php\/produit\/volkswagen-combi-t5-8-places-2l-tdi-102ch-2013-l2h1\/\" \/>\n<meta property=\"og:locale\" content=\"fr_FR\" \/>\n<meta property=\"og:type\" content=\"article\" \/>\n<meta property=\"og:title\" content=\"Volkswagen Combi T5, 8 Places, 2L TDI 102ch 2013 L2H1 - B2C Auto Transactions - Castres\" \/>\n<meta property=\"og:description\" content=\"Kilom\u00e9trage\u00a0: 130 000km  102 CH  Diesel  Mise en circulation le 13\/02\/2013  Entretien \u00e0 jour et r\u00e9vision compl\u00e8te du v\u00e9hicule\u00a0 :   kit distribution neuf  Plaquettes avant et arri\u00e8re neuves  Silentbloc de triangle neufs  Vidange avec 4 filtres    CT OK     Garantie de 12 mois qui couvre notamment :    Moteur  Bo\u00eete de vitesse et embrayage  Pont et suspensions  Freinage  Circuit \u00e9lectrique et diagnostic  Carter  Refroidissement et alimentation  \u2026\" \/>\n<meta property=\"og:url\" content=\"https:\/\/b2cauto.fr\/index.php\/produit\/volkswagen-combi-t5-8-places-2l-tdi-102ch-2013-l2h1\/\" \/>\n<meta property=\"og:site_name\" content=\"B2C Auto Transactions - Castres\" \/>\n<meta property=\"article:modified_time\" content=\"2026-03-31T21:43:30+00:00\" \/>\n<meta property=\"og:image\" content=\"http:\/\/b2cauto.fr\/wp-content\/uploads\/2025\/12\/1-1.png\" \/>\n\t<meta property=\"og:image:width\" content=\"962\" \/>\n\t<meta property=\"og:image:height\" content=\"585\" \/>\n\t<meta property=\"og:image:type\" content=\"image\/png\" \/>\n<meta name=\"twitter:card\" content=\"summary_large_image\" \/>\n<meta name=\"twitter:label1\" content=\"Dur\u00e9e de lecture estim\u00e9e\" \/>\n\t<meta name=\"twitter:data1\" content=\"1 minute\" \/>\n<script type=\"application\/ld+json\" class=\"yoast-schema-graph\">{\"@context\":\"https:\/\/schema.org\",\"@graph\":[{\"@type\":\"WebPage\",\"@id\":\"https:\/\/b2cauto.fr\/index.php\/produit\/volkswagen-combi-t5-8-places-2l-tdi-102ch-2013-l2h1\/\",\"url\":\"https:\/\/b2cauto.fr\/index.php\/produit\/volkswagen-combi-t5-8-places-2l-tdi-102ch-2013-l2h1\/\",\"name\":\"Volkswagen Combi T5, 8 Places, 2L TDI 102ch 2013 L2H1 - B2C Auto Transactions - Castres\",\"isPartOf\":{\"@id\":\"https:\/\/b2cauto.fr\/#website\"},\"datePublished\":\"2025-12-23T08:38:27+00:00\",\"dateModified\":\"2026-03-31T21:43:30+00:00\",\"breadcrumb\":{\"@id\":\"https:\/\/b2cauto.fr\/index.php\/produit\/volkswagen-combi-t5-8-places-2l-tdi-102ch-2013-l2h1\/#breadcrumb\"},\"inLanguage\":\"fr-FR\",\"potentialAction\":[{\"@type\":\"ReadAction\",\"target\":[\"https:\/\/b2cauto.fr\/index.php\/produit\/volkswagen-combi-t5-8-places-2l-tdi-102ch-2013-l2h1\/\"]}]},{\"@type\":\"BreadcrumbList\",\"@id\":\"https:\/\/b2cauto.fr\/index.php\/produit\/volkswagen-combi-t5-8-places-2l-tdi-102ch-2013-l2h1\/#breadcrumb\",\"itemListElement\":[{\"@type\":\"ListItem\",\"position\":1,\"name\":\"Accueil\",\"item\":\"https:\/\/b2cauto.fr\/\"},{\"@type\":\"ListItem\",\"position\":2,\"name\":\"V\u00e9hicules\",\"item\":\"https:\/\/b2cauto.fr\/index.php\/boutiquev2\/\"},{\"@type\":\"ListItem\",\"position\":3,\"name\":\"Volkswagen Combi T5, 8 Places, 2L TDI 102ch 2013 L2H1\"}]},{\"@type\":\"WebSite\",\"@id\":\"https:\/\/b2cauto.fr\/#website\",\"url\":\"https:\/\/b2cauto.fr\/\",\"name\":\"B2C Auto Transactions - Castres\",\"description\":\"Votre concessionnaire \u00e0 Castres ! D\u00e9couvrez nos offres de v\u00e9hicules d\u2019occasions directement depuis notre site web.\",\"publisher\":{\"@id\":\"https:\/\/b2cauto.fr\/#organization\"},\"alternateName\":\"B2C Auto Transactions - Castres\",\"potentialAction\":[{\"@type\":\"SearchAction\",\"target\":{\"@type\":\"EntryPoint\",\"urlTemplate\":\"https:\/\/b2cauto.fr\/?s={search_term_string}\"},\"query-input\":\"required name=search_term_string\"}],\"inLanguage\":\"fr-FR\"},{\"@type\":\"Organization\",\"@id\":\"https:\/\/b2cauto.fr\/#organization\",\"name\":\"B2C Auto Transactions - Castres\",\"url\":\"https:\/\/b2cauto.fr\/\",\"logo\":{\"@type\":\"ImageObject\",\"inLanguage\":\"fr-FR\",\"@id\":\"https:\/\/b2cauto.fr\/#\/schema\/logo\/image\/\",\"url\":\"https:\/\/b2cauto.fr\/wp-content\/uploads\/2023\/01\/cropped-Logo-v1.png\",\"contentUrl\":\"https:\/\/b2cauto.fr\/wp-content\/uploads\/2023\/01\/cropped-Logo-v1.png\",\"width\":1266,\"height\":392,\"caption\":\"B2C Auto Transactions - Castres\"},\"image\":{\"@id\":\"https:\/\/b2cauto.fr\/#\/schema\/logo\/image\/\"}}]}<\/script>\n<!-- \/ Yoast SEO plugin. -->","yoast_head_json":{"title":"Volkswagen Combi T5, 8 Places, 2L TDI 102ch 2013 L2H1 - B2C Auto Transactions - Castres","robots":{"index":"index","follow":"follow","max-snippet":"max-snippet:-1","max-image-preview":"max-image-preview:large","max-video-preview":"max-video-preview:-1"},"canonical":"https:\/\/b2cauto.fr\/index.php\/produit\/volkswagen-combi-t5-8-places-2l-tdi-102ch-2013-l2h1\/","og_locale":"fr_FR","og_type":"article","og_title":"Volkswagen Combi T5, 8 Places, 2L TDI 102ch 2013 L2H1 - B2C Auto Transactions - Castres","og_description":"Kilom\u00e9trage\u00a0: 130 000km  102 CH  Diesel  Mise en circulation le 13\/02\/2013  Entretien \u00e0 jour et r\u00e9vision compl\u00e8te du v\u00e9hicule\u00a0 :   kit distribution neuf  Plaquettes avant et arri\u00e8re neuves  Silentbloc de triangle neufs  Vidange avec 4 filtres    CT OK     Garantie de 12 mois qui couvre notamment :    Moteur  Bo\u00eete de vitesse et embrayage  Pont et suspensions  Freinage  Circuit \u00e9lectrique et diagnostic  Carter  Refroidissement et alimentation  \u2026","og_url":"https:\/\/b2cauto.fr\/index.php\/produit\/volkswagen-combi-t5-8-places-2l-tdi-102ch-2013-l2h1\/","og_site_name":"B2C Auto Transactions - Castres","article_modified_time":"2026-03-31T21:43:30+00:00","og_image":[{"width":962,"height":585,"url":"http:\/\/b2cauto.fr\/wp-content\/uploads\/2025\/12\/1-1.png","type":"image\/png"}],"twitter_card":"summary_large_image","twitter_misc":{"Dur\u00e9e de lecture estim\u00e9e":"1 minute"},"schema":{"@context":"https:\/\/schema.org","@graph":[{"@type":"WebPage","@id":"https:\/\/b2cauto.fr\/index.php\/produit\/volkswagen-combi-t5-8-places-2l-tdi-102ch-2013-l2h1\/","url":"https:\/\/b2cauto.fr\/index.php\/produit\/volkswagen-combi-t5-8-places-2l-tdi-102ch-2013-l2h1\/","name":"Volkswagen Combi T5, 8 Places, 2L TDI 102ch 2013 L2H1 - B2C Auto Transactions - Castres","isPartOf":{"@id":"https:\/\/b2cauto.fr\/#website"},"datePublished":"2025-12-23T08:38:27+00:00","dateModified":"2026-03-31T21:43:30+00:00","breadcrumb":{"@id":"https:\/\/b2cauto.fr\/index.php\/produit\/volkswagen-combi-t5-8-places-2l-tdi-102ch-2013-l2h1\/#breadcrumb"},"inLanguage":"fr-FR","potentialAction":[{"@type":"ReadAction","target":["https:\/\/b2cauto.fr\/index.php\/produit\/volkswagen-combi-t5-8-places-2l-tdi-102ch-2013-l2h1\/"]}]},{"@type":"BreadcrumbList","@id":"https:\/\/b2cauto.fr\/index.php\/produit\/volkswagen-combi-t5-8-places-2l-tdi-102ch-2013-l2h1\/#breadcrumb","itemListElement":[{"@type":"ListItem","position":1,"name":"Accueil","item":"https:\/\/b2cauto.fr\/"},{"@type":"ListItem","position":2,"name":"V\u00e9hicules","item":"https:\/\/b2cauto.fr\/index.php\/boutiquev2\/"},{"@type":"ListItem","position":3,"name":"Volkswagen Combi T5, 8 Places, 2L TDI 102ch 2013 L2H1"}]},{"@type":"WebSite","@id":"https:\/\/b2cauto.fr\/#website","url":"https:\/\/b2cauto.fr\/","name":"B2C Auto Transactions - Castres","description":"Votre concessionnaire \u00e0 Castres ! D\u00e9couvrez nos offres de v\u00e9hicules d\u2019occasions directement depuis notre site web.","publisher":{"@id":"https:\/\/b2cauto.fr\/#organization"},"alternateName":"B2C Auto Transactions - Castres","potentialAction":[{"@type":"SearchAction","target":{"@type":"EntryPoint","urlTemplate":"https:\/\/b2cauto.fr\/?s={search_term_string}"},"query-input":"required name=search_term_string"}],"inLanguage":"fr-FR"},{"@type":"Organization","@id":"https:\/\/b2cauto.fr\/#organization","name":"B2C Auto Transactions - Castres","url":"https:\/\/b2cauto.fr\/","logo":{"@type":"ImageObject","inLanguage":"fr-FR","@id":"https:\/\/b2cauto.fr\/#\/schema\/logo\/image\/","url":"https:\/\/b2cauto.fr\/wp-content\/uploads\/2023\/01\/cropped-Logo-v1.png","contentUrl":"https:\/\/b2cauto.fr\/wp-content\/uploads\/2023\/01\/cropped-Logo-v1.png","width":1266,"height":392,"caption":"B2C Auto Transactions - Castres"},"image":{"@id":"https:\/\/b2cauto.fr\/#\/schema\/logo\/image\/"}}]}},"_links":{"self":[{"href":"https:\/\/b2cauto.fr\/index.php\/wp-json\/wp\/v2\/product\/2633"}],"collection":[{"href":"https:\/\/b2cauto.fr\/index.php\/wp-json\/wp\/v2\/product"}],"about":[{"href":"https:\/\/b2cauto.fr\/index.php\/wp-json\/wp\/v2\/types\/product"}],"wp:featuredmedia":[{"embeddable":true,"href":"https:\/\/b2cauto.fr\/index.php\/wp-json\/wp\/v2\/media\/2651"}],"wp:attachment":[{"href":"https:\/\/b2cauto.fr\/index.php\/wp-json\/wp\/v2\/media?parent=2633"}],"wp:term":[{"taxonomy":"product_cat","embeddable":true,"href":"https:\/\/b2cauto.fr\/index.php\/wp-json\/wp\/v2\/product_cat?post=2633"},{"taxonomy":"product_tag","embeddable":true,"href":"https:\/\/b2cauto.fr\/index.php\/wp-json\/wp\/v2\/product_tag?post=2633"}],"curies":[{"name":"wp","href":"https:\/\/api.w.org\/{rel}","templated":true}]}}