{"id":68,"date":"2016-05-05T21:08:49","date_gmt":"2016-05-05T21:08:49","guid":{"rendered":"https:\/\/oceanwp.org\/sport\/?page_id=68"},"modified":"2025-05-20T07:10:45","modified_gmt":"2025-05-20T07:10:45","slug":"contact-us","status":"publish","type":"page","link":"https:\/\/b2cauto.fr\/index.php\/contact-us\/","title":{"rendered":"Contacts"},"content":{"rendered":"\t\t<div data-elementor-type=\"wp-post\" data-elementor-id=\"68\" class=\"elementor elementor-68\">\n\t\t\t\t\t\t\t\t\t<section class=\"elementor-section elementor-top-section elementor-element elementor-element-01a0aac elementor-section-boxed elementor-section-height-default elementor-section-height-default\" data-id=\"01a0aac\" data-element_type=\"section\">\n\t\t\t\t\t\t<div class=\"elementor-container elementor-column-gap-default\">\n\t\t\t\t\t<div class=\"elementor-column elementor-col-100 elementor-top-column elementor-element elementor-element-ad9e31c\" data-id=\"ad9e31c\" data-element_type=\"column\">\n\t\t\t<div class=\"elementor-widget-wrap elementor-element-populated\">\n\t\t\t\t\t\t\t\t<div class=\"elementor-element elementor-element-70dbcd8 elementor-widget elementor-widget-wpforms\" data-id=\"70dbcd8\" data-element_type=\"widget\" data-widget_type=\"wpforms.default\">\n\t\t\t\t<div class=\"elementor-widget-container\">\n\t\t\t<div class=\"wpforms-container wpforms-container-full\" id=\"wpforms-791\"><form id=\"wpforms-form-791\" class=\"wpforms-validate wpforms-form wpforms-ajax-form\" data-formid=\"791\" method=\"post\" enctype=\"multipart\/form-data\" action=\"\/index.php\/wp-json\/wp\/v2\/pages\/68\" data-token=\"78acb79418d579538d23e43c3ccc9a77\"><noscript class=\"wpforms-error-noscript\">Veuillez activer JavaScript dans votre navigateur pour remplir ce formulaire.<\/noscript><div class=\"wpforms-field-container\"><div id=\"wpforms-791-field_7-container\" class=\"wpforms-field wpforms-field-name\" data-field-id=\"7\"><label class=\"wpforms-field-label\" for=\"wpforms-791-field_7\">Nom <span class=\"wpforms-required-label\">*<\/span><\/label><div class=\"wpforms-field-row wpforms-field-medium\"><div class=\"wpforms-field-row-block wpforms-first wpforms-one-half\"><input type=\"text\" id=\"wpforms-791-field_7\" class=\"wpforms-field-name-first wpforms-field-required\" name=\"wpforms[fields][7][first]\" required><label for=\"wpforms-791-field_7\" class=\"wpforms-field-sublabel after \">Pr\u00e9nom<\/label><\/div><div class=\"wpforms-field-row-block wpforms-one-half\"><input type=\"text\" id=\"wpforms-791-field_7-last\" class=\"wpforms-field-name-last wpforms-field-required\" name=\"wpforms[fields][7][last]\" required><label for=\"wpforms-791-field_7-last\" class=\"wpforms-field-sublabel after \">Nom<\/label><\/div><\/div><\/div><div id=\"wpforms-791-field_8-container\" class=\"wpforms-field wpforms-field-email\" data-field-id=\"8\"><label class=\"wpforms-field-label\" for=\"wpforms-791-field_8\">E-mail <span class=\"wpforms-required-label\">*<\/span><\/label><input type=\"email\" id=\"wpforms-791-field_8\" class=\"wpforms-field-medium wpforms-field-required\" name=\"wpforms[fields][8]\" required><\/div><div id=\"wpforms-791-field_5-container\" class=\"wpforms-field wpforms-field-text\" data-field-id=\"5\"><label class=\"wpforms-field-label\" for=\"wpforms-791-field_5\">T\u00e9l\u00e9phone <span class=\"wpforms-required-label\">*<\/span><\/label><input type=\"text\" id=\"wpforms-791-field_5\" class=\"wpforms-field-medium wpforms-field-required\" name=\"wpforms[fields][5]\" required><\/div><div id=\"wpforms-791-field_6-container\" class=\"wpforms-field wpforms-field-text\" data-field-id=\"6\"><label class=\"wpforms-field-label\" for=\"wpforms-791-field_6\">Mod\u00e8le du v\u00e9hicule<\/label><input type=\"text\" id=\"wpforms-791-field_6\" class=\"wpforms-field-medium\" name=\"wpforms[fields][6]\" ><\/div><div id=\"wpforms-791-field_4-container\" class=\"wpforms-field wpforms-field-textarea\" data-field-id=\"4\"><label class=\"wpforms-field-label\" for=\"wpforms-791-field_4\">D\u00e9crivez nous votre demande<\/label><textarea id=\"wpforms-791-field_4\" class=\"wpforms-field-medium\" name=\"wpforms[fields][4]\" ><\/textarea><\/div><div id=\"wpforms-791-field_9-container\" class=\"wpforms-field wpforms-field-email\" data-field-id=\"9\"><label class=\"wpforms-field-label\" for=\"wpforms-791-field_9\">E-mail <span class=\"wpforms-required-label\">*<\/span><\/label><input type=\"email\" id=\"wpforms-791-field_9\" class=\"wpforms-field-medium wpforms-field-required\" name=\"wpforms[fields][9]\" required><\/div><\/div><div class=\"wpforms-submit-container\"><input type=\"hidden\" name=\"wpforms[id]\" value=\"791\"><input type=\"hidden\" name=\"wpforms[author]\" value=\"1\"><button type=\"submit\" name=\"wpforms[submit]\" id=\"wpforms-submit-791\" class=\"wpforms-submit\" data-alt-text=\"Envoi...\" data-submit-text=\"Envoyer\" aria-live=\"assertive\" value=\"wpforms-submit\">Envoyer<\/button><img decoding=\"async\" loading=\"lazy\" src=\"https:\/\/b2cauto.fr\/wp-content\/plugins\/wpforms-lite\/assets\/images\/submit-spin.svg\" class=\"wpforms-submit-spinner\" style=\"display: none;\" width=\"26\" height=\"26\" alt=\"Chargement en cours\"><\/div><\/form><\/div>  <!-- .wpforms-container -->\t\t<\/div>\n\t\t\t\t<\/div>\n\t\t\t\t<div class=\"elementor-element elementor-element-0b3ef26 elementor-widget elementor-widget-heading\" data-id=\"0b3ef26\" data-element_type=\"widget\" data-widget_type=\"heading.default\">\n\t\t\t\t<div class=\"elementor-widget-container\">\n\t\t\t<style>\/*! elementor - v3.10.1 - 17-01-2023 *\/\n.elementor-heading-title{padding:0;margin:0;line-height:1}.elementor-widget-heading .elementor-heading-title[class*=elementor-size-]>a{color:inherit;font-size:inherit;line-height:inherit}.elementor-widget-heading .elementor-heading-title.elementor-size-small{font-size:15px}.elementor-widget-heading .elementor-heading-title.elementor-size-medium{font-size:19px}.elementor-widget-heading .elementor-heading-title.elementor-size-large{font-size:29px}.elementor-widget-heading .elementor-heading-title.elementor-size-xl{font-size:39px}.elementor-widget-heading .elementor-heading-title.elementor-size-xxl{font-size:59px}<\/style><h1 class=\"elementor-heading-title elementor-size-default\">Comment nous trouver ?<\/h1>\t\t<\/div>\n\t\t\t\t<\/div>\n\t\t\t\t\t<\/div>\n\t\t<\/div>\n\t\t\t\t\t\t\t<\/div>\n\t\t<\/section>\n\t\t\t\t<section class=\"elementor-section elementor-top-section elementor-element elementor-element-27c2a12 elementor-section-boxed elementor-section-height-default elementor-section-height-default\" data-id=\"27c2a12\" data-element_type=\"section\">\n\t\t\t\t\t\t<div class=\"elementor-container elementor-column-gap-default\">\n\t\t\t\t\t<div class=\"elementor-column elementor-col-50 elementor-top-column elementor-element elementor-element-543027f\" data-id=\"543027f\" data-element_type=\"column\">\n\t\t\t<div class=\"elementor-widget-wrap elementor-element-populated\">\n\t\t\t\t\t\t\t\t<div class=\"elementor-element elementor-element-0d8f057 elementor-widget elementor-widget-heading\" data-id=\"0d8f057\" data-element_type=\"widget\" data-widget_type=\"heading.default\">\n\t\t\t\t<div class=\"elementor-widget-container\">\n\t\t\t<h3 class=\"elementor-heading-title elementor-size-default\">Nos horaires d'ouverture :<\/h3>\t\t<\/div>\n\t\t\t\t<\/div>\n\t\t\t\t<div class=\"elementor-element elementor-element-78aa50d elementor-widget elementor-widget-text-editor\" data-id=\"78aa50d\" data-element_type=\"widget\" data-widget_type=\"text-editor.default\">\n\t\t\t\t<div class=\"elementor-widget-container\">\n\t\t\t<style>\/*! elementor - v3.10.1 - 17-01-2023 *\/\n.elementor-widget-text-editor.elementor-drop-cap-view-stacked .elementor-drop-cap{background-color:#818a91;color:#fff}.elementor-widget-text-editor.elementor-drop-cap-view-framed .elementor-drop-cap{color:#818a91;border:3px solid;background-color:transparent}.elementor-widget-text-editor:not(.elementor-drop-cap-view-default) .elementor-drop-cap{margin-top:8px}.elementor-widget-text-editor:not(.elementor-drop-cap-view-default) .elementor-drop-cap-letter{width:1em;height:1em}.elementor-widget-text-editor .elementor-drop-cap{float:left;text-align:center;line-height:1;font-size:50px}.elementor-widget-text-editor .elementor-drop-cap-letter{display:inline-block}<\/style>\t\t\t\t<ul><li><strong>Lun<\/strong> : 9h\/12h &#8211; 14h\/19h<\/li><li><strong>Mar<\/strong> : 9h\/12h &#8211; 14h\/19h<\/li><li><strong>Mer<\/strong> : 9h\/12h &#8211; 14h\/19h<\/li><li><strong>Jeu<\/strong> : 9h\/12h &#8211; 14h\/19h<\/li><li><strong>Ven<\/strong> : 9h\/12h &#8211; 14h\/19h<\/li><li><strong>Sam<\/strong> : 9h\/12h &#8211; 14h\/19h<\/li><\/ul>\t\t\t\t\t\t<\/div>\n\t\t\t\t<\/div>\n\t\t\t\t\t<\/div>\n\t\t<\/div>\n\t\t\t\t<div class=\"elementor-column elementor-col-50 elementor-top-column elementor-element elementor-element-810c421\" data-id=\"810c421\" data-element_type=\"column\">\n\t\t\t<div class=\"elementor-widget-wrap elementor-element-populated\">\n\t\t\t\t\t\t\t\t<div class=\"elementor-element elementor-element-8dbf3dc elementor-widget elementor-widget-google_maps\" data-id=\"8dbf3dc\" data-element_type=\"widget\" data-widget_type=\"google_maps.default\">\n\t\t\t\t<div class=\"elementor-widget-container\">\n\t\t\t<style>\/*! elementor - v3.10.1 - 17-01-2023 *\/\n.elementor-widget-google_maps .elementor-widget-container{overflow:hidden}.elementor-widget-google_maps iframe{height:300px}<\/style>\t\t<div class=\"elementor-custom-embed\">\n\t\t\t<iframe loading=\"lazy\"\n\t\t\t\t\tsrc=\"https:\/\/maps.google.com\/maps?q=18%20rue%20de%20touraine&#038;t=m&#038;z=14&#038;output=embed&#038;iwloc=near\"\n\t\t\t\t\ttitle=\"18 rue de touraine\"\n\t\t\t\t\taria-label=\"18 rue de touraine\"\n\t\t\t><\/iframe>\n\t\t<\/div>\n\t\t\t\t<\/div>\n\t\t\t\t<\/div>\n\t\t\t\t\t<\/div>\n\t\t<\/div>\n\t\t\t\t\t\t\t<\/div>\n\t\t<\/section>\n\t\t\t\t\t\t\t<\/div>\n\t\t","protected":false},"excerpt":{"rendered":"<p>Comment nous trouver ? Nos horaires d&rsquo;ouverture : Lun : 9h\/12h &#8211; 14h\/19h Mar : 9h\/12h &#8211; 14h\/19h Mer : 9h\/12h &#8211; 14h\/19h Jeu : 9h\/12h &#8211; 14h\/19h Ven : 9h\/12h &#8211; 14h\/19h Sam : 9h\/12h &#8211; 14h\/19h<\/p>\n","protected":false},"author":1,"featured_media":0,"parent":0,"menu_order":0,"comment_status":"closed","ping_status":"closed","template":"","meta":[],"yoast_head":"<!-- This site is optimized with the Yoast SEO plugin v20.7 - https:\/\/yoast.com\/wordpress\/plugins\/seo\/ -->\n<title>Contacts - B2C Auto Transactions - Castres<\/title>\n<meta name=\"robots\" content=\"index, follow, max-snippet:-1, max-image-preview:large, max-video-preview:-1\" \/>\n<link rel=\"canonical\" href=\"https:\/\/b2cauto.fr\/index.php\/contact-us\/\" \/>\n<meta property=\"og:locale\" content=\"fr_FR\" \/>\n<meta property=\"og:type\" content=\"article\" \/>\n<meta property=\"og:title\" content=\"Contacts - B2C Auto Transactions - Castres\" \/>\n<meta property=\"og:description\" content=\"Comment nous trouver ? Nos horaires d&rsquo;ouverture : Lun : 9h\/12h &#8211; 14h\/19h Mar : 9h\/12h &#8211; 14h\/19h Mer : 9h\/12h &#8211; 14h\/19h Jeu : 9h\/12h &#8211; 14h\/19h Ven : 9h\/12h &#8211; 14h\/19h Sam : 9h\/12h &#8211; 14h\/19h\" \/>\n<meta property=\"og:url\" content=\"https:\/\/b2cauto.fr\/index.php\/contact-us\/\" \/>\n<meta property=\"og:site_name\" content=\"B2C Auto Transactions - Castres\" \/>\n<meta property=\"article:modified_time\" content=\"2025-05-20T07:10:45+00:00\" \/>\n<meta name=\"twitter:card\" content=\"summary_large_image\" \/>\n<meta name=\"twitter:label1\" content=\"Dur\u00e9e de lecture estim\u00e9e\" \/>\n\t<meta name=\"twitter:data1\" content=\"1 minute\" \/>\n<script type=\"application\/ld+json\" class=\"yoast-schema-graph\">{\"@context\":\"https:\/\/schema.org\",\"@graph\":[{\"@type\":\"WebPage\",\"@id\":\"https:\/\/b2cauto.fr\/index.php\/contact-us\/\",\"url\":\"https:\/\/b2cauto.fr\/index.php\/contact-us\/\",\"name\":\"Contacts - B2C Auto Transactions - Castres\",\"isPartOf\":{\"@id\":\"https:\/\/b2cauto.fr\/#website\"},\"datePublished\":\"2016-05-05T21:08:49+00:00\",\"dateModified\":\"2025-05-20T07:10:45+00:00\",\"breadcrumb\":{\"@id\":\"https:\/\/b2cauto.fr\/index.php\/contact-us\/#breadcrumb\"},\"inLanguage\":\"fr-FR\",\"potentialAction\":[{\"@type\":\"ReadAction\",\"target\":[\"https:\/\/b2cauto.fr\/index.php\/contact-us\/\"]}]},{\"@type\":\"BreadcrumbList\",\"@id\":\"https:\/\/b2cauto.fr\/index.php\/contact-us\/#breadcrumb\",\"itemListElement\":[{\"@type\":\"ListItem\",\"position\":1,\"name\":\"Accueil\",\"item\":\"https:\/\/b2cauto.fr\/\"},{\"@type\":\"ListItem\",\"position\":2,\"name\":\"Contacts\"}]},{\"@type\":\"WebSite\",\"@id\":\"https:\/\/b2cauto.fr\/#website\",\"url\":\"https:\/\/b2cauto.fr\/\",\"name\":\"B2C Auto Transactions - Castres\",\"description\":\"Votre concessionnaire \u00e0 Castres ! D\u00e9couvrez nos offres de v\u00e9hicules d\u2019occasions directement depuis notre site web.\",\"publisher\":{\"@id\":\"https:\/\/b2cauto.fr\/#organization\"},\"alternateName\":\"B2C Auto Transactions - Castres\",\"potentialAction\":[{\"@type\":\"SearchAction\",\"target\":{\"@type\":\"EntryPoint\",\"urlTemplate\":\"https:\/\/b2cauto.fr\/?s={search_term_string}\"},\"query-input\":\"required name=search_term_string\"}],\"inLanguage\":\"fr-FR\"},{\"@type\":\"Organization\",\"@id\":\"https:\/\/b2cauto.fr\/#organization\",\"name\":\"B2C Auto Transactions - Castres\",\"url\":\"https:\/\/b2cauto.fr\/\",\"logo\":{\"@type\":\"ImageObject\",\"inLanguage\":\"fr-FR\",\"@id\":\"https:\/\/b2cauto.fr\/#\/schema\/logo\/image\/\",\"url\":\"https:\/\/b2cauto.fr\/wp-content\/uploads\/2023\/01\/cropped-Logo-v1.png\",\"contentUrl\":\"https:\/\/b2cauto.fr\/wp-content\/uploads\/2023\/01\/cropped-Logo-v1.png\",\"width\":1266,\"height\":392,\"caption\":\"B2C Auto Transactions - Castres\"},\"image\":{\"@id\":\"https:\/\/b2cauto.fr\/#\/schema\/logo\/image\/\"}}]}<\/script>\n<!-- \/ Yoast SEO plugin. -->","yoast_head_json":{"title":"Contacts - B2C Auto Transactions - Castres","robots":{"index":"index","follow":"follow","max-snippet":"max-snippet:-1","max-image-preview":"max-image-preview:large","max-video-preview":"max-video-preview:-1"},"canonical":"https:\/\/b2cauto.fr\/index.php\/contact-us\/","og_locale":"fr_FR","og_type":"article","og_title":"Contacts - B2C Auto Transactions - Castres","og_description":"Comment nous trouver ? Nos horaires d&rsquo;ouverture : Lun : 9h\/12h &#8211; 14h\/19h Mar : 9h\/12h &#8211; 14h\/19h Mer : 9h\/12h &#8211; 14h\/19h Jeu : 9h\/12h &#8211; 14h\/19h Ven : 9h\/12h &#8211; 14h\/19h Sam : 9h\/12h &#8211; 14h\/19h","og_url":"https:\/\/b2cauto.fr\/index.php\/contact-us\/","og_site_name":"B2C Auto Transactions - Castres","article_modified_time":"2025-05-20T07:10:45+00:00","twitter_card":"summary_large_image","twitter_misc":{"Dur\u00e9e de lecture estim\u00e9e":"1 minute"},"schema":{"@context":"https:\/\/schema.org","@graph":[{"@type":"WebPage","@id":"https:\/\/b2cauto.fr\/index.php\/contact-us\/","url":"https:\/\/b2cauto.fr\/index.php\/contact-us\/","name":"Contacts - B2C Auto Transactions - Castres","isPartOf":{"@id":"https:\/\/b2cauto.fr\/#website"},"datePublished":"2016-05-05T21:08:49+00:00","dateModified":"2025-05-20T07:10:45+00:00","breadcrumb":{"@id":"https:\/\/b2cauto.fr\/index.php\/contact-us\/#breadcrumb"},"inLanguage":"fr-FR","potentialAction":[{"@type":"ReadAction","target":["https:\/\/b2cauto.fr\/index.php\/contact-us\/"]}]},{"@type":"BreadcrumbList","@id":"https:\/\/b2cauto.fr\/index.php\/contact-us\/#breadcrumb","itemListElement":[{"@type":"ListItem","position":1,"name":"Accueil","item":"https:\/\/b2cauto.fr\/"},{"@type":"ListItem","position":2,"name":"Contacts"}]},{"@type":"WebSite","@id":"https:\/\/b2cauto.fr\/#website","url":"https:\/\/b2cauto.fr\/","name":"B2C Auto Transactions - Castres","description":"Votre concessionnaire \u00e0 Castres ! D\u00e9couvrez nos offres de v\u00e9hicules d\u2019occasions directement depuis notre site web.","publisher":{"@id":"https:\/\/b2cauto.fr\/#organization"},"alternateName":"B2C Auto Transactions - Castres","potentialAction":[{"@type":"SearchAction","target":{"@type":"EntryPoint","urlTemplate":"https:\/\/b2cauto.fr\/?s={search_term_string}"},"query-input":"required name=search_term_string"}],"inLanguage":"fr-FR"},{"@type":"Organization","@id":"https:\/\/b2cauto.fr\/#organization","name":"B2C Auto Transactions - Castres","url":"https:\/\/b2cauto.fr\/","logo":{"@type":"ImageObject","inLanguage":"fr-FR","@id":"https:\/\/b2cauto.fr\/#\/schema\/logo\/image\/","url":"https:\/\/b2cauto.fr\/wp-content\/uploads\/2023\/01\/cropped-Logo-v1.png","contentUrl":"https:\/\/b2cauto.fr\/wp-content\/uploads\/2023\/01\/cropped-Logo-v1.png","width":1266,"height":392,"caption":"B2C Auto Transactions - Castres"},"image":{"@id":"https:\/\/b2cauto.fr\/#\/schema\/logo\/image\/"}}]}},"_links":{"self":[{"href":"https:\/\/b2cauto.fr\/index.php\/wp-json\/wp\/v2\/pages\/68"}],"collection":[{"href":"https:\/\/b2cauto.fr\/index.php\/wp-json\/wp\/v2\/pages"}],"about":[{"href":"https:\/\/b2cauto.fr\/index.php\/wp-json\/wp\/v2\/types\/page"}],"author":[{"embeddable":true,"href":"https:\/\/b2cauto.fr\/index.php\/wp-json\/wp\/v2\/users\/1"}],"replies":[{"embeddable":true,"href":"https:\/\/b2cauto.fr\/index.php\/wp-json\/wp\/v2\/comments?post=68"}],"version-history":[{"count":21,"href":"https:\/\/b2cauto.fr\/index.php\/wp-json\/wp\/v2\/pages\/68\/revisions"}],"predecessor-version":[{"id":2460,"href":"https:\/\/b2cauto.fr\/index.php\/wp-json\/wp\/v2\/pages\/68\/revisions\/2460"}],"wp:attachment":[{"href":"https:\/\/b2cauto.fr\/index.php\/wp-json\/wp\/v2\/media?parent=68"}],"curies":[{"name":"wp","href":"https:\/\/api.w.org\/{rel}","templated":true}]}}